{"id":4400,"date":"2021-10-12T15:51:09","date_gmt":"2021-10-12T15:51:09","guid":{"rendered":"http:\/\/dummy.xtemos.com\/woodmart2\/elementor\/?page_id=4400"},"modified":"2024-12-04T19:54:14","modified_gmt":"2024-12-04T19:54:14","slug":"quienes-somos","status":"publish","type":"page","link":"https:\/\/ccjplagas.agarthamarketing.com\/index.php\/quienes-somos\/","title":{"rendered":"Quienes Somos"},"content":{"rendered":"\t\t<div data-elementor-type=\"wp-page\" data-elementor-id=\"4400\" class=\"elementor elementor-4400\" data-elementor-post-type=\"page\">\n\t\t\t\t<div class=\"wd-negative-gap elementor-element elementor-element-7c7c544 e-flex e-con-boxed e-con e-parent\" data-id=\"7c7c544\" data-element_type=\"container\">\n\t\t\t\t\t<div class=\"e-con-inner\">\n\t\t<div class=\"elementor-element elementor-element-e7cb5cd e-con-full e-flex e-con e-child\" data-id=\"e7cb5cd\" data-element_type=\"container\">\n\t\t\t\t<div class=\"elementor-element elementor-element-56aec39 elementor-widget elementor-widget-wd_image_or_svg\" data-id=\"56aec39\" data-element_type=\"widget\" data-widget_type=\"wd_image_or_svg.default\">\n\t\t\t\t<div class=\"elementor-widget-container\">\n\t\t\t\t\t\n\t\t<div class=\"wd-image text-left\">\n\t\t\t\t\t\t\t\t<img fetchpriority=\"high\" decoding=\"async\" width=\"580\" height=\"580\" src=\"https:\/\/ccjplagas.agarthamarketing.com\/wp-content\/uploads\/2021\/10\/about-us-3-image-1.jpg\" class=\"attachment-full size-full\" alt=\"\" srcset=\"https:\/\/ccjplagas.agarthamarketing.com\/wp-content\/uploads\/2021\/10\/about-us-3-image-1.jpg 580w, https:\/\/ccjplagas.agarthamarketing.com\/wp-content\/uploads\/2021\/10\/about-us-3-image-1-430x430.jpg 430w, https:\/\/ccjplagas.agarthamarketing.com\/wp-content\/uploads\/2021\/10\/about-us-3-image-1-150x150.jpg 150w\" sizes=\"(max-width: 580px) 100vw, 580px\" \/>\t\t\t\t\t<\/div>\n\n\t\t\t\t\t\t<\/div>\n\t\t\t\t<\/div>\n\t\t\t\t<\/div>\n\t\t<div class=\"elementor-element elementor-element-97d6084 e-con-full e-flex e-con e-child\" data-id=\"97d6084\" data-element_type=\"container\">\n\t\t\t\t<div class=\"elementor-element elementor-element-98d830b wd-width-100 elementor-widget elementor-widget-wd_title\" data-id=\"98d830b\" data-element_type=\"widget\" data-widget_type=\"wd_title.default\">\n\t\t\t\t<div class=\"elementor-widget-container\">\n\t\t\t\t\t\t\t<div class=\"title-wrapper wd-set-mb reset-last-child wd-title-color-primary wd-title-style-default wd-title-size-large text-left\">\n\n\t\t\t\t\t\t\t\t\t\t\t<div class=\"title-subtitle subtitle-color-primary subtitle-style-default wd-fontsize-xs\">\n\t\t\t\t\tCCJ CONTROL DE PLAGAS\t\t\t\t<\/div>\n\t\t\t\n\t\t\t<div class=\"liner-continer\">\n\t\t\t\t<h4 class=\"woodmart-title-container title wd-fontsize-xxl\">\u00bfQui\u00e9nes somos?<\/h4> \n\t\t\t\t\t\t\t<\/div>\n\n\t\t\t\t\t<\/div>\n\t\t\t\t\t\t<\/div>\n\t\t\t\t<\/div>\n\t\t\t\t<div class=\"elementor-element elementor-element-66e47ad elementor-widget elementor-widget-wd_text_block\" data-id=\"66e47ad\" data-element_type=\"widget\" data-widget_type=\"wd_text_block.default\">\n\t\t\t\t<div class=\"elementor-widget-container\">\n\t\t\t\t\t\t\t<div class=\"wd-text-block reset-last-child text-left\">\n\t\t\t\n\t\t\t<p><span style=\"font-weight: 400;\">CCJ SpA se destaca como una empresa especializada en el control integral de plagas, demostrando su compromiso no solo con la salud e higiene en hogares y entornos de trabajo, sino tambi\u00e9n con el bienestar de los animales dom\u00e9sticos, reconociendo la importancia de reducir el uso frecuente de pesticidas qu\u00edmicos, la empresa se esfuerza por implementar soluciones efectivas que preserven un entorno seguro para las mascotas<\/span><\/p><p><span style=\"font-weight: 400;\">CCJ cuenta con una s\u00f3lida trayectoria de m\u00e1s de cuatro a\u00f1os en el mercado, ha perfeccionado sus soluciones para ser sostenibles y respetuosas con el medioambiente.\u00a0<\/span><\/p><p><span style=\"font-weight: 400;\">En el \u00faltimo a\u00f1o, se ha llevado a cabo un impresionante r\u00e9cord de m\u00e1s de 2.000 servicios en hogares y empresas. En CCJ SpA., la salud y la higiene son prioritarias, y se demuestra mediante m\u00e9todos sostenibles, minimizando el uso de plaguicidas qu\u00edmicos en un 30%, respaldado por sus selectas adquisiciones de insumos a trav\u00e9s de proveedores confiables. Su compromiso se refleja en la calidad de sus servicios y en la contribuci\u00f3n a un entorno m\u00e1s saludable y respetuoso con el medioambiente.<\/span><\/p><p>\u00a0<\/p><p>\u00a0<\/p>\n\t\t\t\t\t<\/div>\n\t\t\t\t\t\t<\/div>\n\t\t\t\t<\/div>\n\t\t\t\t<\/div>\n\t\t\t\t\t<\/div>\n\t\t\t\t<\/div>\n\t\t<div class=\"wd-negative-gap elementor-element elementor-element-ee5c4e9 e-grid e-con-boxed e-con e-parent\" data-id=\"ee5c4e9\" data-element_type=\"container\">\n\t\t\t\t\t<div class=\"e-con-inner\">\n\t\t<div class=\"elementor-element elementor-element-6c38c0e e-con-full e-flex e-con e-child\" data-id=\"6c38c0e\" data-element_type=\"container\">\n\t\t\t\t<div class=\"elementor-element elementor-element-5699159 animated-fast wd-width-100 elementor-invisible elementor-widget elementor-widget-wd_title\" data-id=\"5699159\" data-element_type=\"widget\" data-settings=\"{&quot;_animation&quot;:&quot;fadeInLeft&quot;}\" data-widget_type=\"wd_title.default\">\n\t\t\t\t<div class=\"elementor-widget-container\">\n\t\t\t\t\t\t\t<div class=\"title-wrapper wd-set-mb reset-last-child wd-title-color-default wd-title-style-default wd-title-size-default text-left\">\n\n\t\t\t\t\t\t\t\t\t\t\t<div class=\"title-subtitle subtitle-color-default subtitle-style-default wd-fontsize-xs\">\n\t\t\t\t\tCCJ CONTROL DE PLAGAS\t\t\t\t<\/div>\n\t\t\t\n\t\t\t<div class=\"liner-continer\">\n\t\t\t\t<h4 class=\"woodmart-title-container title wd-fontsize-l\">Nuestra Misi\u00f3n<\/h4> \n\t\t\t\t\t\t\t<\/div>\n\n\t\t\t\t\t\t\t<div class=\"title-after_title reset-last-child wd-fontsize-xs\">\n\t\t\t\t\t<p><span style=\"font-weight: 400\">CCJ SpA se destaca como una empresa especializada en el control integral de plagas, demostrando su compromiso no solo con la salud e higiene en hogares y entornos de trabajo, sino tambi\u00e9n con el bienestar de los animales dom\u00e9sticos, reconociendo la importancia de reducir el uso frecuente de pesticidas qu\u00edmicos, la empresa se esfuerza por implementar soluciones efectivas que preserven un entorno seguro para las mascotas<\/span><\/p>\t\t\t\t<\/div>\n\t\t\t\t\t<\/div>\n\t\t\t\t\t\t<\/div>\n\t\t\t\t<\/div>\n\t\t\t\t<\/div>\n\t\t<div class=\"elementor-element elementor-element-2a70015 e-con-full animated-fast e-flex elementor-invisible e-con e-child\" data-id=\"2a70015\" data-element_type=\"container\" data-settings=\"{&quot;animation&quot;:&quot;fadeInRight&quot;}\">\n\t\t\t\t<div class=\"elementor-element elementor-element-558fd2f elementor-widget elementor-widget-image\" data-id=\"558fd2f\" data-element_type=\"widget\" data-widget_type=\"image.default\">\n\t\t\t\t<div class=\"elementor-widget-container\">\n\t\t\t\t\t\t\t\t\t\t\t\t\t\t\t<img decoding=\"async\" width=\"978\" height=\"652\" src=\"https:\/\/ccjplagas.agarthamarketing.com\/wp-content\/uploads\/2024\/12\/SS-KH_PestPreventionMethodsOfControl_KH-HRO.jpg\" class=\"attachment-large size-large wp-image-16101\" alt=\"\" srcset=\"https:\/\/ccjplagas.agarthamarketing.com\/wp-content\/uploads\/2024\/12\/SS-KH_PestPreventionMethodsOfControl_KH-HRO.jpg 978w, https:\/\/ccjplagas.agarthamarketing.com\/wp-content\/uploads\/2024\/12\/SS-KH_PestPreventionMethodsOfControl_KH-HRO-430x287.jpg 430w, https:\/\/ccjplagas.agarthamarketing.com\/wp-content\/uploads\/2024\/12\/SS-KH_PestPreventionMethodsOfControl_KH-HRO-150x100.jpg 150w, https:\/\/ccjplagas.agarthamarketing.com\/wp-content\/uploads\/2024\/12\/SS-KH_PestPreventionMethodsOfControl_KH-HRO-700x467.jpg 700w, https:\/\/ccjplagas.agarthamarketing.com\/wp-content\/uploads\/2024\/12\/SS-KH_PestPreventionMethodsOfControl_KH-HRO-400x267.jpg 400w, https:\/\/ccjplagas.agarthamarketing.com\/wp-content\/uploads\/2024\/12\/SS-KH_PestPreventionMethodsOfControl_KH-HRO-768x512.jpg 768w\" sizes=\"(max-width: 978px) 100vw, 978px\" \/>\t\t\t\t\t\t\t\t\t\t\t\t\t\t\t<\/div>\n\t\t\t\t<\/div>\n\t\t\t\t<\/div>\n\t\t<div class=\"elementor-element elementor-element-76b1d06 e-con-full animated-fast e-flex elementor-invisible e-con e-child\" data-id=\"76b1d06\" data-element_type=\"container\" data-settings=\"{&quot;animation&quot;:&quot;fadeInLeft&quot;}\">\n\t\t\t\t<div class=\"elementor-element elementor-element-ed2fa31 elementor-widget elementor-widget-image\" data-id=\"ed2fa31\" data-element_type=\"widget\" data-widget_type=\"image.default\">\n\t\t\t\t<div class=\"elementor-widget-container\">\n\t\t\t\t\t\t\t\t\t\t\t\t\t\t\t<img decoding=\"async\" width=\"1080\" height=\"565\" src=\"https:\/\/ccjplagas.agarthamarketing.com\/wp-content\/uploads\/2024\/12\/pest-control-service-vs-pest-control-plan-north-carolina.webp\" class=\"attachment-large size-large wp-image-16098\" alt=\"\" srcset=\"https:\/\/ccjplagas.agarthamarketing.com\/wp-content\/uploads\/2024\/12\/pest-control-service-vs-pest-control-plan-north-carolina.webp 1080w, https:\/\/ccjplagas.agarthamarketing.com\/wp-content\/uploads\/2024\/12\/pest-control-service-vs-pest-control-plan-north-carolina-430x225.webp 430w, https:\/\/ccjplagas.agarthamarketing.com\/wp-content\/uploads\/2024\/12\/pest-control-service-vs-pest-control-plan-north-carolina-150x78.webp 150w, https:\/\/ccjplagas.agarthamarketing.com\/wp-content\/uploads\/2024\/12\/pest-control-service-vs-pest-control-plan-north-carolina-700x366.webp 700w, https:\/\/ccjplagas.agarthamarketing.com\/wp-content\/uploads\/2024\/12\/pest-control-service-vs-pest-control-plan-north-carolina-400x209.webp 400w, https:\/\/ccjplagas.agarthamarketing.com\/wp-content\/uploads\/2024\/12\/pest-control-service-vs-pest-control-plan-north-carolina-768x402.webp 768w\" sizes=\"(max-width: 1080px) 100vw, 1080px\" \/>\t\t\t\t\t\t\t\t\t\t\t\t\t\t\t<\/div>\n\t\t\t\t<\/div>\n\t\t\t\t<\/div>\n\t\t<div class=\"elementor-element elementor-element-8956c50 e-con-full animated-fast e-flex elementor-invisible e-con e-child\" data-id=\"8956c50\" data-element_type=\"container\" data-settings=\"{&quot;animation&quot;:&quot;fadeInRight&quot;}\">\n\t\t\t\t<div class=\"elementor-element elementor-element-086cafd wd-width-100 elementor-widget elementor-widget-wd_title\" data-id=\"086cafd\" data-element_type=\"widget\" data-widget_type=\"wd_title.default\">\n\t\t\t\t<div class=\"elementor-widget-container\">\n\t\t\t\t\t\t\t<div class=\"title-wrapper wd-set-mb reset-last-child wd-title-color-default wd-title-style-default wd-title-size-default text-left\">\n\n\t\t\t\t\t\t\t\t\t\t\t<div class=\"title-subtitle subtitle-color-default subtitle-style-default wd-fontsize-xs\">\n\t\t\t\t\tNUESTRO OBJETIVO\t\t\t\t<\/div>\n\t\t\t\n\t\t\t<div class=\"liner-continer\">\n\t\t\t\t<h4 class=\"woodmart-title-container title wd-fontsize-l\">Visi\u00f3n<\/h4> \n\t\t\t\t\t\t\t<\/div>\n\n\t\t\t\t\t\t\t<div class=\"title-after_title reset-last-child wd-fontsize-xs\">\n\t\t\t\t\t<p><span style=\"font-weight: 400\">Ser la principal empresa l\u00edder en el control integral de plagas, dedicada a la preservaci\u00f3n del medioambiente. Aspiramos a ser la opci\u00f3n preferida de nuestros clientes, no solo por la efectividad de nuestros servicios, sino tambi\u00e9n por mantener un equilibrio ambiental y una vida saludable.<\/span><\/p>\t\t\t\t<\/div>\n\t\t\t\t\t<\/div>\n\t\t\t\t\t\t<\/div>\n\t\t\t\t<\/div>\n\t\t\t\t<\/div>\n\t\t\t\t\t<\/div>\n\t\t\t\t<\/div>\n\t\t<div class=\"wd-negative-gap elementor-element elementor-element-16fcd26 e-flex e-con-boxed e-con e-parent\" data-id=\"16fcd26\" data-element_type=\"container\">\n\t\t\t\t\t<div class=\"e-con-inner\">\n\t\t\t\t<div class=\"elementor-element elementor-element-c8836c6 elementor-align-center animated-slow elementor-invisible elementor-widget elementor-widget-button\" data-id=\"c8836c6\" data-element_type=\"widget\" data-settings=\"{&quot;_animation&quot;:&quot;fadeIn&quot;}\" data-widget_type=\"button.default\">\n\t\t\t\t<div class=\"elementor-widget-container\">\n\t\t\t\t\t\t\t\t\t<div class=\"elementor-button-wrapper\">\n\t\t\t\t\t<a class=\"elementor-button elementor-button-link elementor-size-sm elementor-animation-grow\" href=\"https:\/\/ccjplagas.agarthamarketing.com\/index.php\/servicios\/\">\n\t\t\t\t\t\t<span class=\"elementor-button-content-wrapper\">\n\t\t\t\t\t\t\t\t\t<span class=\"elementor-button-text\">VER SERVICIOS ><\/span>\n\t\t\t\t\t<\/span>\n\t\t\t\t\t<\/a>\n\t\t\t\t<\/div>\n\t\t\t\t\t\t\t\t<\/div>\n\t\t\t\t<\/div>\n\t\t\t\t\t<\/div>\n\t\t\t\t<\/div>\n\t\t\t\t<\/div>\n\t\t","protected":false},"excerpt":{"rendered":"<p>CCJ CONTROL DE PLAGAS \u00bfQui\u00e9nes somos? CCJ SpA se destaca como una empresa especializada en el control integral de plagas,<\/p>\n","protected":false},"author":1,"featured_media":0,"parent":0,"menu_order":0,"comment_status":"closed","ping_status":"closed","template":"","meta":{"footnotes":""},"class_list":["post-4400","page","type-page","status-publish","hentry"],"_links":{"self":[{"href":"https:\/\/ccjplagas.agarthamarketing.com\/index.php\/wp-json\/wp\/v2\/pages\/4400","targetHints":{"allow":["GET"]}}],"collection":[{"href":"https:\/\/ccjplagas.agarthamarketing.com\/index.php\/wp-json\/wp\/v2\/pages"}],"about":[{"href":"https:\/\/ccjplagas.agarthamarketing.com\/index.php\/wp-json\/wp\/v2\/types\/page"}],"author":[{"embeddable":true,"href":"https:\/\/ccjplagas.agarthamarketing.com\/index.php\/wp-json\/wp\/v2\/users\/1"}],"replies":[{"embeddable":true,"href":"https:\/\/ccjplagas.agarthamarketing.com\/index.php\/wp-json\/wp\/v2\/comments?post=4400"}],"version-history":[{"count":64,"href":"https:\/\/ccjplagas.agarthamarketing.com\/index.php\/wp-json\/wp\/v2\/pages\/4400\/revisions"}],"predecessor-version":[{"id":16176,"href":"https:\/\/ccjplagas.agarthamarketing.com\/index.php\/wp-json\/wp\/v2\/pages\/4400\/revisions\/16176"}],"wp:attachment":[{"href":"https:\/\/ccjplagas.agarthamarketing.com\/index.php\/wp-json\/wp\/v2\/media?parent=4400"}],"curies":[{"name":"wp","href":"https:\/\/api.w.org\/{rel}","templated":true}]}}