{"id":16322,"date":"2024-12-05T17:23:46","date_gmt":"2024-12-05T17:23:46","guid":{"rendered":"https:\/\/ccjplagas.agarthamarketing.com\/?page_id=16322"},"modified":"2024-12-05T18:49:35","modified_gmt":"2024-12-05T18:49:35","slug":"terminos-y-condiciones","status":"publish","type":"page","link":"https:\/\/ccjplagas.agarthamarketing.com\/index.php\/terminos-y-condiciones\/","title":{"rendered":"T\u00e9rminos y condiciones"},"content":{"rendered":"\t\t<div data-elementor-type=\"wp-page\" data-elementor-id=\"16322\" class=\"elementor elementor-16322\" data-elementor-post-type=\"page\">\n\t\t\t\t<div class=\"wd-negative-gap elementor-element elementor-element-9d1e1af e-flex e-con-boxed e-con e-parent\" data-id=\"9d1e1af\" data-element_type=\"container\">\n\t\t\t\t\t<div class=\"e-con-inner\">\n\t\t\t\t<div class=\"elementor-element elementor-element-3f186d4 elementor-widget elementor-widget-heading\" data-id=\"3f186d4\" data-element_type=\"widget\" data-widget_type=\"heading.default\">\n\t\t\t\t<div class=\"elementor-widget-container\">\n\t\t\t\t\t<h2 class=\"elementor-heading-title elementor-size-default\">T\u00e9rminos y Condiciones<\/h2>\t\t\t\t<\/div>\n\t\t\t\t<\/div>\n\t\t\t\t<div class=\"elementor-element elementor-element-97c1ea7 color-scheme-inherit text-left elementor-widget elementor-widget-text-editor\" data-id=\"97c1ea7\" data-element_type=\"widget\" data-widget_type=\"text-editor.default\">\n\t\t\t\t<div class=\"elementor-widget-container\">\n\t\t\t\t\t\t\t\t\t<p>\u00a1Bienvenido a CCJ Control de Plagas SpA!<\/p><p>Estos t\u00e9rminos y condiciones describen las reglas y regulaciones para el uso del sitio web de CCJ Control de Plagas SpA, ubicado en https:\/\/ccjcontroldeplagas.cl\/.<\/p><p>Al acceder a este sitio web, asumimos que aceptas estos t\u00e9rminos y condiciones. No contin\u00faes<br \/>utilizando nuestro sitio web si no est\u00e1s de acuerdo con todos los t\u00e9rminos y condiciones establecidos en esta p\u00e1gina.<\/p><h3>Cookies<\/h3><p>El sitio web utiliza cookies para mejorar tu experiencia en l\u00ednea. Al acceder a nuestro sitio web,<br \/>aceptas el uso de las cookies necesarias para su funcionamiento.<\/p><p>Una cookie es un archivo de texto que un servidor web coloca en tu disco duro. Las cookies no se utilizan para ejecutar programas o enviar virus a tu equipo. Estas son asignadas de forma exclusiva y solo pueden ser le\u00eddas por un servidor web en el dominio que las emiti\u00f3.<\/p><p>Podemos utilizar cookies para recopilar, almacenar y rastrear informaci\u00f3n con fines estad\u00edsticos o de marketing para operar nuestro sitio web. Puedes aceptar o rechazar las cookies opcionales, pero ten en cuenta que algunas cookies son necesarias para el funcionamiento b\u00e1sico del sitio. Tambi\u00e9n podr\u00edas estar aceptando cookies de terceros al utilizar servicios integrados, como reproductores de video.<\/p><h3>Licencia<\/h3><p>A menos que se indique lo contrario, CCJ Control de Plagas SpA y\/o sus licenciantes poseen los derechos de propiedad intelectual del material en este sitio web. Todos los derechos est\u00e1n<br \/>reservados. Puedes acceder al sitio web para tu uso personal, sujeto a las restricciones definidas en<br \/>estos t\u00e9rminos.<\/p><h3>No debes:<\/h3><p>\u2022 Copiar o republicar material del sitio web.<br \/>\u2022 Vender, alquilar o sublicenciar contenido del sitio.<br \/>\u2022 Reproducir, duplicar o copiar material del sitio.<br \/>\u2022 Redistribuir contenido de CCJ Control de Plagas SpA sin autorizaci\u00f3n.<\/p><h3>Comentarios y contenido generado por usuarios<\/h3><p>Partes de este sitio web pueden permitir a los usuarios publicar comentarios u otro contenido. CCJ Control de Plagas SpA no supervisa, edita ni revisa dicho contenido antes de su publicaci\u00f3n. Los comentarios reflejan \u00fanicamente las opiniones del autor y no las de la empresa.<\/p><p>Nos reservamos el derecho de eliminar cualquier comentario que sea ofensivo, inapropiado o que incumpla estos t\u00e9rminos y condiciones.<\/p><p>Al publicar contenido en nuestro sitio, garantizas que:<\/p><p>\u2022 Tienes todos los derechos necesarios para publicarlo.<br \/>\u2022 El contenido no infringe derechos de propiedad intelectual de terceros.<br \/>\u2022 No contiene material difamatorio, ofensivo o ilegal.<\/p><p>Por la presente, otorgas a CCJ Control de Plagas SpA una licencia no exclusiva para usar, reproducir y editar tu contenido, seg\u00fan sea necesario, en cualquier formato o medio.<\/p><h3>Hiperv\u00ednculos a nuestro sitio<\/h3><p>Las siguientes organizaciones pueden enlazar a nuestro sitio web sin aprobaci\u00f3n previa:<\/p><p>\u2022 Agencias gubernamentales.<br \/>\u2022 Motores de b\u00fasqueda.<br \/>\u2022 Medios de comunicaci\u00f3n.<br \/>\u2022 Directorios en l\u00ednea, bajo las mismas condiciones aplicables a otras empresas listadas.<\/p><p>Estas organizaciones pueden enlazar a nuestra p\u00e1gina principal o a contenido p\u00fablico del sitio web siempre que el enlace:<\/p><p>1. No sea enga\u00f1oso.<br \/>2. No implique patrocinio o respaldo por parte de CCJ Control de Plagas SpA si no es el caso.<br \/>3. Sea apropiado en el contexto del sitio de la parte vinculante.<\/p><p>Si deseas enlazar a nuestro sitio web y tu organizaci\u00f3n no est\u00e1 incluida en la lista anterior, por favor env\u00edanos una solicitud a trav\u00e9s de info@ccjcontroldeplagas.cl.<\/p><h3>Responsabilidad por el contenido del sitio<\/h3><p>CCJ Control de Plagas SpA no garantiza que la informaci\u00f3n en el sitio sea precisa o est\u00e9 completa. No asumimos responsabilidad por:<\/p><p>\u2022 Errores o desactualizaci\u00f3n en los contenidos del sitio web.<br \/>\u2022 Da\u00f1os derivados del uso o imposibilidad de usar nuestro sitio web.<\/p><h3>Modificaciones y terminaci\u00f3n de servicios<\/h3><p>Nos reservamos el derecho de modificar o eliminar cualquier contenido, funci\u00f3n o servicio de nuestro sitio web en cualquier momento, sin previo aviso. Tambi\u00e9n podemos actualizar estos\u00a0t\u00e9rminos en cualquier momento. Si contin\u00faas utilizando el sitio web despu\u00e9s de que se publiquen los cambios, se considerar\u00e1 que aceptas dichos t\u00e9rminos revisados.<\/p><h3>Exenci\u00f3n de responsabilidad<\/h3><p>En la m\u00e1xima medida permitida por la ley aplicable:<\/p><p>1. No somos responsables de p\u00e9rdidas o da\u00f1os derivados del uso de nuestro sitio web. 2. No garantizamos que el sitio est\u00e9 disponible de manera ininterrumpida o libre de errores.<\/p><p>Para cualquier consulta relacionada con estos t\u00e9rminos, cont\u00e1ctanos en xxx@ccjplagas.cl.<\/p>\t\t\t\t\t\t\t\t<\/div>\n\t\t\t\t<\/div>\n\t\t\t\t\t<\/div>\n\t\t\t\t<\/div>\n\t\t<div class=\"wd-negative-gap elementor-element elementor-element-04dedc5 e-flex e-con-boxed e-con e-parent\" data-id=\"04dedc5\" data-element_type=\"container\">\n\t\t\t\t\t<div class=\"e-con-inner\">\n\t\t\t\t\t<\/div>\n\t\t\t\t<\/div>\n\t\t\t\t<\/div>\n\t\t","protected":false},"excerpt":{"rendered":"<p>T\u00e9rminos y Condiciones \u00a1Bienvenido a CCJ Control de Plagas SpA! Estos t\u00e9rminos y condiciones describen las reglas y regulaciones para<\/p>\n","protected":false},"author":1,"featured_media":0,"parent":0,"menu_order":0,"comment_status":"closed","ping_status":"closed","template":"","meta":{"footnotes":""},"class_list":["post-16322","page","type-page","status-publish","hentry"],"_links":{"self":[{"href":"https:\/\/ccjplagas.agarthamarketing.com\/index.php\/wp-json\/wp\/v2\/pages\/16322","targetHints":{"allow":["GET"]}}],"collection":[{"href":"https:\/\/ccjplagas.agarthamarketing.com\/index.php\/wp-json\/wp\/v2\/pages"}],"about":[{"href":"https:\/\/ccjplagas.agarthamarketing.com\/index.php\/wp-json\/wp\/v2\/types\/page"}],"author":[{"embeddable":true,"href":"https:\/\/ccjplagas.agarthamarketing.com\/index.php\/wp-json\/wp\/v2\/users\/1"}],"replies":[{"embeddable":true,"href":"https:\/\/ccjplagas.agarthamarketing.com\/index.php\/wp-json\/wp\/v2\/comments?post=16322"}],"version-history":[{"count":13,"href":"https:\/\/ccjplagas.agarthamarketing.com\/index.php\/wp-json\/wp\/v2\/pages\/16322\/revisions"}],"predecessor-version":[{"id":16355,"href":"https:\/\/ccjplagas.agarthamarketing.com\/index.php\/wp-json\/wp\/v2\/pages\/16322\/revisions\/16355"}],"wp:attachment":[{"href":"https:\/\/ccjplagas.agarthamarketing.com\/index.php\/wp-json\/wp\/v2\/media?parent=16322"}],"curies":[{"name":"wp","href":"https:\/\/api.w.org\/{rel}","templated":true}]}}