{"id":15995,"date":"2024-12-04T14:13:30","date_gmt":"2024-12-04T14:13:30","guid":{"rendered":"https:\/\/ccjplagas.agarthamarketing.com\/?page_id=15995"},"modified":"2024-12-04T18:32:47","modified_gmt":"2024-12-04T18:32:47","slug":"tratamiento","status":"publish","type":"page","link":"https:\/\/ccjplagas.agarthamarketing.com\/index.php\/tratamiento\/","title":{"rendered":"Tratamiento"},"content":{"rendered":"\t\t<div data-elementor-type=\"wp-page\" data-elementor-id=\"15995\" class=\"elementor elementor-15995\" data-elementor-post-type=\"page\">\n\t\t\t\t<div class=\"wd-negative-gap elementor-element elementor-element-bf6b464 e-flex e-con-boxed e-con e-parent\" data-id=\"bf6b464\" data-element_type=\"container\">\n\t\t\t\t\t<div class=\"e-con-inner\">\n\t\t\t\t<div class=\"elementor-element elementor-element-e9eff91 color-scheme-inherit text-left elementor-widget elementor-widget-text-editor\" data-id=\"e9eff91\" data-element_type=\"widget\" data-widget_type=\"text-editor.default\">\n\t\t\t\t<div class=\"elementor-widget-container\">\n\t\t\t\t\t\t\t\t\t<p>Tratamientos especializados<br \/>Control de palomas<br \/>T\u00e9cnicas avanzadas: Implementamos soluciones personalizadas para erradicar y prevenir<br \/>los da\u00f1os causados por palomas en techos, balcones o estructuras.<br \/>Plan a largo plazo: Garantizamos resultados efectivos con tratamientos m\u00ednimos de 3<br \/>meses.<br \/>Control de termitas<br \/>Protecci\u00f3n estructural: Utilizamos t\u00e9cnicas especializadas para eliminar termitas y<br \/>prevenir que da\u00f1en tus muebles o construcciones de madera.<br \/>Duraci\u00f3n recomendada: Tratamiento de 3 meses para asegurar resultados duraderos.<br \/>Control de murci\u00e9lagos<br \/>Evita colonias no deseadas: Implementamos t\u00e9cnicas avanzadas para prevenir que<br \/>murci\u00e9lagos colonicen tu hogar o negocio.<br \/>Plan de acci\u00f3n: Tratamiento m\u00ednimo de 6 meses para resultados \u00f3ptimos.<br \/>Perfecto para empresas, industrias y hogares en zonas con alta presencia de estas<br \/>plagas.<\/p>\t\t\t\t\t\t\t\t<\/div>\n\t\t\t\t<\/div>\n\t\t\t\t\t<\/div>\n\t\t\t\t<\/div>\n\t\t\t\t<\/div>\n\t\t","protected":false},"excerpt":{"rendered":"<p>Tratamientos especializadosControl de palomasT\u00e9cnicas avanzadas: Implementamos soluciones personalizadas para erradicar y prevenirlos da\u00f1os causados por palomas en techos, balcones o<\/p>\n","protected":false},"author":1,"featured_media":0,"parent":0,"menu_order":0,"comment_status":"closed","ping_status":"closed","template":"","meta":{"footnotes":""},"class_list":["post-15995","page","type-page","status-publish","hentry"],"_links":{"self":[{"href":"https:\/\/ccjplagas.agarthamarketing.com\/index.php\/wp-json\/wp\/v2\/pages\/15995","targetHints":{"allow":["GET"]}}],"collection":[{"href":"https:\/\/ccjplagas.agarthamarketing.com\/index.php\/wp-json\/wp\/v2\/pages"}],"about":[{"href":"https:\/\/ccjplagas.agarthamarketing.com\/index.php\/wp-json\/wp\/v2\/types\/page"}],"author":[{"embeddable":true,"href":"https:\/\/ccjplagas.agarthamarketing.com\/index.php\/wp-json\/wp\/v2\/users\/1"}],"replies":[{"embeddable":true,"href":"https:\/\/ccjplagas.agarthamarketing.com\/index.php\/wp-json\/wp\/v2\/comments?post=15995"}],"version-history":[{"count":4,"href":"https:\/\/ccjplagas.agarthamarketing.com\/index.php\/wp-json\/wp\/v2\/pages\/15995\/revisions"}],"predecessor-version":[{"id":16082,"href":"https:\/\/ccjplagas.agarthamarketing.com\/index.php\/wp-json\/wp\/v2\/pages\/15995\/revisions\/16082"}],"wp:attachment":[{"href":"https:\/\/ccjplagas.agarthamarketing.com\/index.php\/wp-json\/wp\/v2\/media?parent=15995"}],"curies":[{"name":"wp","href":"https:\/\/api.w.org\/{rel}","templated":true}]}}