{"id":15991,"date":"2024-12-04T14:12:57","date_gmt":"2024-12-04T14:12:57","guid":{"rendered":"https:\/\/ccjplagas.agarthamarketing.com\/?page_id=15991"},"modified":"2024-12-04T18:29:22","modified_gmt":"2024-12-04T18:29:22","slug":"desratizacion","status":"publish","type":"page","link":"https:\/\/ccjplagas.agarthamarketing.com\/index.php\/desratizacion\/","title":{"rendered":"Desratizaci\u00f3n"},"content":{"rendered":"\t\t<div data-elementor-type=\"wp-page\" data-elementor-id=\"15991\" class=\"elementor elementor-15991\" data-elementor-post-type=\"page\">\n\t\t\t\t<div class=\"wd-negative-gap elementor-element elementor-element-fe6c182 e-flex e-con-boxed e-con e-parent\" data-id=\"fe6c182\" data-element_type=\"container\">\n\t\t\t\t\t<div class=\"e-con-inner\">\n\t\t\t\t<div class=\"elementor-element elementor-element-06cbb45 color-scheme-inherit text-left elementor-widget elementor-widget-text-editor\" data-id=\"06cbb45\" data-element_type=\"widget\" data-widget_type=\"text-editor.default\">\n\t\t\t\t<div class=\"elementor-widget-container\">\n\t\t\t\t\t\t\t\t\t<p>Desratizaci\u00f3n: Control profesional de roedores<br \/>Desratizaci\u00f3n interior<br \/>Soluci\u00f3n definitiva: Dise\u00f1amos un plan integral para erradicar plagas de roedores dentro de<br \/>tu hogar.<br \/>Prevenci\u00f3n garantizada: Aplicamos t\u00e9cnicas avanzadas para evitar nuevas infestaciones,<br \/>brind\u00e1ndote tranquilidad total.<br \/>Desratizaci\u00f3n exterior<br \/>Protecci\u00f3n perimetral: Instalamos estaciones de control en el per\u00edmetro de tu casa o<br \/>empresa, monitoreando y controlando la presencia de roedores de forma efectiva.<br \/>Control biol\u00f3gico de roedores<br \/>T\u00e9cnica sustentable: Instalamos casas nido para atraer lechuzas, que son controladores<br \/>naturales de roedores.<br \/>Beneficio a largo plazo: Este m\u00e9todo ecol\u00f3gico garantiza un control perpetuo en la zona<br \/>protegida.<br \/>Ideal para hogares, empresas y terrenos con problemas recurrentes de roedores.<\/p>\t\t\t\t\t\t\t\t<\/div>\n\t\t\t\t<\/div>\n\t\t\t\t\t<\/div>\n\t\t\t\t<\/div>\n\t\t\t\t<\/div>\n\t\t","protected":false},"excerpt":{"rendered":"<p>Desratizaci\u00f3n: Control profesional de roedoresDesratizaci\u00f3n interiorSoluci\u00f3n definitiva: Dise\u00f1amos un plan integral para erradicar plagas de roedores dentro detu hogar.Prevenci\u00f3n garantizada:<\/p>\n","protected":false},"author":1,"featured_media":0,"parent":0,"menu_order":0,"comment_status":"closed","ping_status":"closed","template":"","meta":{"footnotes":""},"class_list":["post-15991","page","type-page","status-publish","hentry"],"_links":{"self":[{"href":"https:\/\/ccjplagas.agarthamarketing.com\/index.php\/wp-json\/wp\/v2\/pages\/15991","targetHints":{"allow":["GET"]}}],"collection":[{"href":"https:\/\/ccjplagas.agarthamarketing.com\/index.php\/wp-json\/wp\/v2\/pages"}],"about":[{"href":"https:\/\/ccjplagas.agarthamarketing.com\/index.php\/wp-json\/wp\/v2\/types\/page"}],"author":[{"embeddable":true,"href":"https:\/\/ccjplagas.agarthamarketing.com\/index.php\/wp-json\/wp\/v2\/users\/1"}],"replies":[{"embeddable":true,"href":"https:\/\/ccjplagas.agarthamarketing.com\/index.php\/wp-json\/wp\/v2\/comments?post=15991"}],"version-history":[{"count":4,"href":"https:\/\/ccjplagas.agarthamarketing.com\/index.php\/wp-json\/wp\/v2\/pages\/15991\/revisions"}],"predecessor-version":[{"id":16073,"href":"https:\/\/ccjplagas.agarthamarketing.com\/index.php\/wp-json\/wp\/v2\/pages\/15991\/revisions\/16073"}],"wp:attachment":[{"href":"https:\/\/ccjplagas.agarthamarketing.com\/index.php\/wp-json\/wp\/v2\/media?parent=15991"}],"curies":[{"name":"wp","href":"https:\/\/api.w.org\/{rel}","templated":true}]}}