{"id":15647,"date":"2024-12-02T15:45:31","date_gmt":"2024-12-02T15:45:31","guid":{"rendered":"https:\/\/ccjplagas.agarthamarketing.com\/?page_id=15647"},"modified":"2024-12-04T19:08:33","modified_gmt":"2024-12-04T19:08:33","slug":"servicios","status":"publish","type":"page","link":"https:\/\/ccjplagas.agarthamarketing.com\/index.php\/servicios\/","title":{"rendered":"Servicios"},"content":{"rendered":"\t\t<div data-elementor-type=\"wp-page\" data-elementor-id=\"15647\" class=\"elementor elementor-15647\" data-elementor-post-type=\"page\">\n\t\t\t\t<div class=\"wd-negative-gap elementor-element elementor-element-5963412 e-flex e-con-boxed e-con e-parent\" data-id=\"5963412\" data-element_type=\"container\">\n\t\t\t\t\t<div class=\"e-con-inner\">\n\t\t\t\t<div class=\"elementor-element elementor-element-c7d3438 animated-fast wd-width-100 elementor-invisible elementor-widget elementor-widget-wd_title\" data-id=\"c7d3438\" data-element_type=\"widget\" data-settings=\"{&quot;_animation&quot;:&quot;fadeInLeft&quot;}\" data-widget_type=\"wd_title.default\">\n\t\t\t\t<div class=\"elementor-widget-container\">\n\t\t\t\t\t\t\t<div class=\"title-wrapper wd-set-mb reset-last-child wd-title-color-default wd-title-style-default wd-title-size-default text-center\">\n\n\t\t\t\t\t\t\t\t\t\t\t<div class=\"title-subtitle subtitle-color-default subtitle-style-default wd-fontsize-xs\">\n\t\t\t\t\tEN CCJ NOS ESPECIALIZAMOS EN\t\t\t\t<\/div>\n\t\t\t\n\t\t\t<div class=\"liner-continer\">\n\t\t\t\t<h4 class=\"woodmart-title-container title wd-fontsize-l\">Servicios De Control De Plagas<\/h4> \n\t\t\t\t\t\t\t<\/div>\n\n\t\t\t\t\t\t\t<div class=\"title-after_title reset-last-child wd-fontsize-xs\">\n\t\t\t\t\t<p><span style=\"font-weight: 400\">CCJ SpA se destaca como una empresa especializada en el control integral de plagas, demostrando su compromiso no solo con la salud e higiene en hogares y entornos de trabajo, sino tambi\u00e9n con el bienestar de los animales dom\u00e9sticos, reconociendo la importancia de reducir el uso frecuente de pesticidas qu\u00edmicos, la empresa se esfuerza por implementar soluciones efectivas que preserven un entorno seguro para las mascotas<\/span><\/p>\t\t\t\t<\/div>\n\t\t\t\t\t<\/div>\n\t\t\t\t\t\t<\/div>\n\t\t\t\t<\/div>\n\t\t\t\t\t<\/div>\n\t\t\t\t<\/div>\n\t\t<div class=\"wd-negative-gap elementor-element elementor-element-50c336f e-grid e-con-boxed e-con e-parent\" data-id=\"50c336f\" data-element_type=\"container\">\n\t\t\t\t\t<div class=\"e-con-inner\">\n\t\t<div class=\"elementor-element elementor-element-5167288 e-con-full animated-fast e-flex elementor-invisible e-con e-child\" data-id=\"5167288\" data-element_type=\"container\" data-settings=\"{&quot;motion_fx_motion_fx_mouse&quot;:&quot;yes&quot;,&quot;animation&quot;:&quot;fadeInUp&quot;}\">\n\t\t\t\t<div class=\"elementor-element elementor-element-fc5e53d elementor-widget elementor-widget-image\" data-id=\"fc5e53d\" data-element_type=\"widget\" data-widget_type=\"image.default\">\n\t\t\t\t<div class=\"elementor-widget-container\">\n\t\t\t\t\t\t\t\t\t\t\t\t\t\t\t<img fetchpriority=\"high\" decoding=\"async\" width=\"305\" height=\"305\" src=\"https:\/\/ccjplagas.agarthamarketing.com\/wp-content\/uploads\/2024\/12\/RATA.png\" class=\"elementor-animation-shrink attachment-large size-large wp-image-15786\" alt=\"\" srcset=\"https:\/\/ccjplagas.agarthamarketing.com\/wp-content\/uploads\/2024\/12\/RATA.png 305w, https:\/\/ccjplagas.agarthamarketing.com\/wp-content\/uploads\/2024\/12\/RATA-150x150.png 150w, https:\/\/ccjplagas.agarthamarketing.com\/wp-content\/uploads\/2024\/12\/RATA-300x300.png 300w\" sizes=\"(max-width: 305px) 100vw, 305px\" \/>\t\t\t\t\t\t\t\t\t\t\t\t\t\t\t<\/div>\n\t\t\t\t<\/div>\n\t\t\t\t<div class=\"elementor-element elementor-element-c7943cd elementor-widget elementor-widget-heading\" data-id=\"c7943cd\" data-element_type=\"widget\" data-widget_type=\"heading.default\">\n\t\t\t\t<div class=\"elementor-widget-container\">\n\t\t\t\t\t<h2 class=\"elementor-heading-title elementor-size-default\">DESRATIZACI\u00d3N<\/h2>\t\t\t\t<\/div>\n\t\t\t\t<\/div>\n\t\t\t\t<div class=\"elementor-element elementor-element-f033df9 elementor-widget-divider--view-line elementor-widget elementor-widget-divider\" data-id=\"f033df9\" data-element_type=\"widget\" data-widget_type=\"divider.default\">\n\t\t\t\t<div class=\"elementor-widget-container\">\n\t\t\t\t\t\t\t<div class=\"elementor-divider\">\n\t\t\t<span class=\"elementor-divider-separator\">\n\t\t\t\t\t\t<\/span>\n\t\t<\/div>\n\t\t\t\t\t\t<\/div>\n\t\t\t\t<\/div>\n\t\t\t\t<div class=\"elementor-element elementor-element-040c146 color-scheme-inherit text-left elementor-widget elementor-widget-text-editor\" data-id=\"040c146\" data-element_type=\"widget\" data-widget_type=\"text-editor.default\">\n\t\t\t\t<div class=\"elementor-widget-container\">\n\t\t\t\t\t\t\t\t\t<p>Exterminaci\u00f3n de ratas y ratones mediante productos y tecnicas apropiadas para ello.<\/p>\t\t\t\t\t\t\t\t<\/div>\n\t\t\t\t<\/div>\n\t\t\t\t<div class=\"elementor-element elementor-element-4f2f897 elementor-align-center animated-slow elementor-invisible elementor-widget elementor-widget-button\" data-id=\"4f2f897\" data-element_type=\"widget\" data-settings=\"{&quot;_animation&quot;:&quot;fadeIn&quot;}\" data-widget_type=\"button.default\">\n\t\t\t\t<div class=\"elementor-widget-container\">\n\t\t\t\t\t\t\t\t\t<div class=\"elementor-button-wrapper\">\n\t\t\t\t\t<a class=\"elementor-button elementor-button-link elementor-size-sm elementor-animation-grow\" href=\"https:\/\/ccjplagas.agarthamarketing.com\/index.php\/desratizacion\/\">\n\t\t\t\t\t\t<span class=\"elementor-button-content-wrapper\">\n\t\t\t\t\t\t\t\t\t<span class=\"elementor-button-text\">LEER M\u00c1S<\/span>\n\t\t\t\t\t<\/span>\n\t\t\t\t\t<\/a>\n\t\t\t\t<\/div>\n\t\t\t\t\t\t\t\t<\/div>\n\t\t\t\t<\/div>\n\t\t\t\t<\/div>\n\t\t<div class=\"elementor-element elementor-element-b81ce7d e-con-full animated-fast e-flex elementor-invisible e-con e-child\" data-id=\"b81ce7d\" data-element_type=\"container\" data-settings=\"{&quot;motion_fx_motion_fx_mouse&quot;:&quot;yes&quot;,&quot;animation&quot;:&quot;fadeInUp&quot;}\">\n\t\t\t\t<div class=\"elementor-element elementor-element-b5fc0ca elementor-widget elementor-widget-image\" data-id=\"b5fc0ca\" data-element_type=\"widget\" data-widget_type=\"image.default\">\n\t\t\t\t<div class=\"elementor-widget-container\">\n\t\t\t\t\t\t\t\t\t\t\t\t\t\t\t<img decoding=\"async\" width=\"512\" height=\"512\" src=\"https:\/\/ccjplagas.agarthamarketing.com\/wp-content\/uploads\/2024\/12\/MASCARILLA.png\" class=\"elementor-animation-shrink attachment-large size-large wp-image-15785\" alt=\"\" srcset=\"https:\/\/ccjplagas.agarthamarketing.com\/wp-content\/uploads\/2024\/12\/MASCARILLA.png 512w, https:\/\/ccjplagas.agarthamarketing.com\/wp-content\/uploads\/2024\/12\/MASCARILLA-430x430.png 430w, https:\/\/ccjplagas.agarthamarketing.com\/wp-content\/uploads\/2024\/12\/MASCARILLA-150x150.png 150w, https:\/\/ccjplagas.agarthamarketing.com\/wp-content\/uploads\/2024\/12\/MASCARILLA-300x300.png 300w\" sizes=\"(max-width: 512px) 100vw, 512px\" \/>\t\t\t\t\t\t\t\t\t\t\t\t\t\t\t<\/div>\n\t\t\t\t<\/div>\n\t\t\t\t<div class=\"elementor-element elementor-element-66876ad elementor-widget elementor-widget-heading\" data-id=\"66876ad\" data-element_type=\"widget\" data-widget_type=\"heading.default\">\n\t\t\t\t<div class=\"elementor-widget-container\">\n\t\t\t\t\t<h2 class=\"elementor-heading-title elementor-size-default\">SANITIZACI\u00d3N<\/h2>\t\t\t\t<\/div>\n\t\t\t\t<\/div>\n\t\t\t\t<div class=\"elementor-element elementor-element-9a58749 elementor-widget-divider--view-line elementor-widget elementor-widget-divider\" data-id=\"9a58749\" data-element_type=\"widget\" data-widget_type=\"divider.default\">\n\t\t\t\t<div class=\"elementor-widget-container\">\n\t\t\t\t\t\t\t<div class=\"elementor-divider\">\n\t\t\t<span class=\"elementor-divider-separator\">\n\t\t\t\t\t\t<\/span>\n\t\t<\/div>\n\t\t\t\t\t\t<\/div>\n\t\t\t\t<\/div>\n\t\t\t\t<div class=\"elementor-element elementor-element-1b3991c color-scheme-inherit text-left elementor-widget elementor-widget-text-editor\" data-id=\"1b3991c\" data-element_type=\"widget\" data-widget_type=\"text-editor.default\">\n\t\t\t\t<div class=\"elementor-widget-container\">\n\t\t\t\t\t\t\t\t\t<p><span style=\"font-weight: 400;\">Erradicamos microorganismos pat\u00f3genos causantes de enfermedades contagiosas.<\/span><\/p>\t\t\t\t\t\t\t\t<\/div>\n\t\t\t\t<\/div>\n\t\t\t\t<div class=\"elementor-element elementor-element-4c201c5 elementor-align-center animated-slow elementor-invisible elementor-widget elementor-widget-button\" data-id=\"4c201c5\" data-element_type=\"widget\" data-settings=\"{&quot;_animation&quot;:&quot;fadeIn&quot;}\" data-widget_type=\"button.default\">\n\t\t\t\t<div class=\"elementor-widget-container\">\n\t\t\t\t\t\t\t\t\t<div class=\"elementor-button-wrapper\">\n\t\t\t\t\t<a class=\"elementor-button elementor-button-link elementor-size-sm elementor-animation-grow\" href=\"https:\/\/ccjplagas.agarthamarketing.com\/index.php\/sanitizacion\/\">\n\t\t\t\t\t\t<span class=\"elementor-button-content-wrapper\">\n\t\t\t\t\t\t\t\t\t<span class=\"elementor-button-text\">LEER M\u00c1S<\/span>\n\t\t\t\t\t<\/span>\n\t\t\t\t\t<\/a>\n\t\t\t\t<\/div>\n\t\t\t\t\t\t\t\t<\/div>\n\t\t\t\t<\/div>\n\t\t\t\t<\/div>\n\t\t<div class=\"elementor-element elementor-element-8c8d525 e-con-full animated-fast e-flex elementor-invisible e-con e-child\" data-id=\"8c8d525\" data-element_type=\"container\" data-settings=\"{&quot;motion_fx_motion_fx_mouse&quot;:&quot;yes&quot;,&quot;animation&quot;:&quot;fadeInUp&quot;,&quot;animation_delay&quot;:0.200000000000000011102230246251565404236316680908203125}\">\n\t\t\t\t<div class=\"elementor-element elementor-element-b5b4d63 elementor-widget elementor-widget-image\" data-id=\"b5b4d63\" data-element_type=\"widget\" data-widget_type=\"image.default\">\n\t\t\t\t<div class=\"elementor-widget-container\">\n\t\t\t\t\t\t\t\t\t\t\t\t\t\t\t<img decoding=\"async\" width=\"360\" height=\"360\" src=\"https:\/\/ccjplagas.agarthamarketing.com\/wp-content\/uploads\/2024\/12\/Des-insectacion.png\" class=\"elementor-animation-shrink attachment-large size-large wp-image-15794\" alt=\"\" srcset=\"https:\/\/ccjplagas.agarthamarketing.com\/wp-content\/uploads\/2024\/12\/Des-insectacion.png 360w, https:\/\/ccjplagas.agarthamarketing.com\/wp-content\/uploads\/2024\/12\/Des-insectacion-150x150.png 150w, https:\/\/ccjplagas.agarthamarketing.com\/wp-content\/uploads\/2024\/12\/Des-insectacion-300x300.png 300w\" sizes=\"(max-width: 360px) 100vw, 360px\" \/>\t\t\t\t\t\t\t\t\t\t\t\t\t\t\t<\/div>\n\t\t\t\t<\/div>\n\t\t\t\t<div class=\"elementor-element elementor-element-5c882ec elementor-widget elementor-widget-heading\" data-id=\"5c882ec\" data-element_type=\"widget\" data-widget_type=\"heading.default\">\n\t\t\t\t<div class=\"elementor-widget-container\">\n\t\t\t\t\t<h2 class=\"elementor-heading-title elementor-size-default\">DESINSECTACI\u00d3N<\/h2>\t\t\t\t<\/div>\n\t\t\t\t<\/div>\n\t\t\t\t<div class=\"elementor-element elementor-element-4e78f14 elementor-widget-divider--view-line elementor-widget elementor-widget-divider\" data-id=\"4e78f14\" data-element_type=\"widget\" data-widget_type=\"divider.default\">\n\t\t\t\t<div class=\"elementor-widget-container\">\n\t\t\t\t\t\t\t<div class=\"elementor-divider\">\n\t\t\t<span class=\"elementor-divider-separator\">\n\t\t\t\t\t\t<\/span>\n\t\t<\/div>\n\t\t\t\t\t\t<\/div>\n\t\t\t\t<\/div>\n\t\t\t\t<div class=\"elementor-element elementor-element-25bef86 color-scheme-inherit text-left elementor-widget elementor-widget-text-editor\" data-id=\"25bef86\" data-element_type=\"widget\" data-widget_type=\"text-editor.default\">\n\t\t\t\t<div class=\"elementor-widget-container\">\n\t\t\t\t\t\t\t\t\t<p>Nos encargamos de eliminar y evitar la reaparicion de nidos de insectos o artropodos da\u00f1inos.<\/p>\t\t\t\t\t\t\t\t<\/div>\n\t\t\t\t<\/div>\n\t\t\t\t<div class=\"elementor-element elementor-element-196bc2e elementor-align-center animated-slow elementor-invisible elementor-widget elementor-widget-button\" data-id=\"196bc2e\" data-element_type=\"widget\" data-settings=\"{&quot;_animation&quot;:&quot;fadeIn&quot;}\" data-widget_type=\"button.default\">\n\t\t\t\t<div class=\"elementor-widget-container\">\n\t\t\t\t\t\t\t\t\t<div class=\"elementor-button-wrapper\">\n\t\t\t\t\t<a class=\"elementor-button elementor-button-link elementor-size-sm elementor-animation-grow\" href=\"https:\/\/ccjplagas.agarthamarketing.com\/index.php\/desinsectacion\/\">\n\t\t\t\t\t\t<span class=\"elementor-button-content-wrapper\">\n\t\t\t\t\t\t\t\t\t<span class=\"elementor-button-text\">LEER M\u00c1S<\/span>\n\t\t\t\t\t<\/span>\n\t\t\t\t\t<\/a>\n\t\t\t\t<\/div>\n\t\t\t\t\t\t\t\t<\/div>\n\t\t\t\t<\/div>\n\t\t\t\t<\/div>\n\t\t<div class=\"elementor-element elementor-element-4d4ed3c e-con-full animated-fast e-flex elementor-invisible e-con e-child\" data-id=\"4d4ed3c\" data-element_type=\"container\" data-settings=\"{&quot;motion_fx_motion_fx_mouse&quot;:&quot;yes&quot;,&quot;animation&quot;:&quot;fadeInUp&quot;}\">\n\t\t\t\t<div class=\"elementor-element elementor-element-59591a6 elementor-widget elementor-widget-image\" data-id=\"59591a6\" data-element_type=\"widget\" data-widget_type=\"image.default\">\n\t\t\t\t<div class=\"elementor-widget-container\">\n\t\t\t\t\t\t\t\t\t\t\t\t\t\t\t<img loading=\"lazy\" decoding=\"async\" width=\"800\" height=\"800\" src=\"https:\/\/ccjplagas.agarthamarketing.com\/wp-content\/uploads\/2024\/12\/AprovadoDesaprovadoicono-800x800.png\" class=\"elementor-animation-shrink attachment-large size-large wp-image-15783\" alt=\"\" srcset=\"https:\/\/ccjplagas.agarthamarketing.com\/wp-content\/uploads\/2024\/12\/AprovadoDesaprovadoicono-800x800.png 800w, https:\/\/ccjplagas.agarthamarketing.com\/wp-content\/uploads\/2024\/12\/AprovadoDesaprovadoicono-430x430.png 430w, https:\/\/ccjplagas.agarthamarketing.com\/wp-content\/uploads\/2024\/12\/AprovadoDesaprovadoicono-150x150.png 150w, https:\/\/ccjplagas.agarthamarketing.com\/wp-content\/uploads\/2024\/12\/AprovadoDesaprovadoicono-700x700.png 700w, https:\/\/ccjplagas.agarthamarketing.com\/wp-content\/uploads\/2024\/12\/AprovadoDesaprovadoicono-300x300.png 300w, https:\/\/ccjplagas.agarthamarketing.com\/wp-content\/uploads\/2024\/12\/AprovadoDesaprovadoicono-768x768.png 768w, https:\/\/ccjplagas.agarthamarketing.com\/wp-content\/uploads\/2024\/12\/AprovadoDesaprovadoicono.png 920w\" sizes=\"(max-width: 800px) 100vw, 800px\" \/>\t\t\t\t\t\t\t\t\t\t\t\t\t\t\t<\/div>\n\t\t\t\t<\/div>\n\t\t\t\t<div class=\"elementor-element elementor-element-7ea734d elementor-widget elementor-widget-heading\" data-id=\"7ea734d\" data-element_type=\"widget\" data-widget_type=\"heading.default\">\n\t\t\t\t<div class=\"elementor-widget-container\">\n\t\t\t\t\t<h2 class=\"elementor-heading-title elementor-size-default\">TRATAMIENTO<\/h2>\t\t\t\t<\/div>\n\t\t\t\t<\/div>\n\t\t\t\t<div class=\"elementor-element elementor-element-13bc606 elementor-widget-divider--view-line elementor-widget elementor-widget-divider\" data-id=\"13bc606\" data-element_type=\"widget\" data-widget_type=\"divider.default\">\n\t\t\t\t<div class=\"elementor-widget-container\">\n\t\t\t\t\t\t\t<div class=\"elementor-divider\">\n\t\t\t<span class=\"elementor-divider-separator\">\n\t\t\t\t\t\t<\/span>\n\t\t<\/div>\n\t\t\t\t\t\t<\/div>\n\t\t\t\t<\/div>\n\t\t\t\t<div class=\"elementor-element elementor-element-cddf894 color-scheme-inherit text-left elementor-widget elementor-widget-text-editor\" data-id=\"cddf894\" data-element_type=\"widget\" data-widget_type=\"text-editor.default\">\n\t\t\t\t<div class=\"elementor-widget-container\">\n\t\t\t\t\t\t\t\t\t<p>Tratamientos especializados para plagas como palomas, termitas y murci\u00e9lagos.<\/p>\t\t\t\t\t\t\t\t<\/div>\n\t\t\t\t<\/div>\n\t\t\t\t<div class=\"elementor-element elementor-element-0ef1cba elementor-align-center animated-slow elementor-invisible elementor-widget elementor-widget-button\" data-id=\"0ef1cba\" data-element_type=\"widget\" data-settings=\"{&quot;_animation&quot;:&quot;fadeIn&quot;}\" data-widget_type=\"button.default\">\n\t\t\t\t<div class=\"elementor-widget-container\">\n\t\t\t\t\t\t\t\t\t<div class=\"elementor-button-wrapper\">\n\t\t\t\t\t<a class=\"elementor-button elementor-button-link elementor-size-sm elementor-animation-grow\" href=\"https:\/\/ccjplagas.agarthamarketing.com\/index.php\/tratamiento\/\">\n\t\t\t\t\t\t<span class=\"elementor-button-content-wrapper\">\n\t\t\t\t\t\t\t\t\t<span class=\"elementor-button-text\">LEER M\u00c1S<\/span>\n\t\t\t\t\t<\/span>\n\t\t\t\t\t<\/a>\n\t\t\t\t<\/div>\n\t\t\t\t\t\t\t\t<\/div>\n\t\t\t\t<\/div>\n\t\t\t\t<\/div>\n\t\t\t\t\t<\/div>\n\t\t\t\t<\/div>\n\t\t\t\t<\/div>\n\t\t","protected":false},"excerpt":{"rendered":"<p>EN CCJ NOS ESPECIALIZAMOS EN Servicios De Control De Plagas CCJ SpA se destaca como una empresa especializada en el<\/p>\n","protected":false},"author":1,"featured_media":0,"parent":0,"menu_order":0,"comment_status":"closed","ping_status":"closed","template":"","meta":{"footnotes":""},"class_list":["post-15647","page","type-page","status-publish","hentry"],"_links":{"self":[{"href":"https:\/\/ccjplagas.agarthamarketing.com\/index.php\/wp-json\/wp\/v2\/pages\/15647","targetHints":{"allow":["GET"]}}],"collection":[{"href":"https:\/\/ccjplagas.agarthamarketing.com\/index.php\/wp-json\/wp\/v2\/pages"}],"about":[{"href":"https:\/\/ccjplagas.agarthamarketing.com\/index.php\/wp-json\/wp\/v2\/types\/page"}],"author":[{"embeddable":true,"href":"https:\/\/ccjplagas.agarthamarketing.com\/index.php\/wp-json\/wp\/v2\/users\/1"}],"replies":[{"embeddable":true,"href":"https:\/\/ccjplagas.agarthamarketing.com\/index.php\/wp-json\/wp\/v2\/comments?post=15647"}],"version-history":[{"count":7,"href":"https:\/\/ccjplagas.agarthamarketing.com\/index.php\/wp-json\/wp\/v2\/pages\/15647\/revisions"}],"predecessor-version":[{"id":16125,"href":"https:\/\/ccjplagas.agarthamarketing.com\/index.php\/wp-json\/wp\/v2\/pages\/15647\/revisions\/16125"}],"wp:attachment":[{"href":"https:\/\/ccjplagas.agarthamarketing.com\/index.php\/wp-json\/wp\/v2\/media?parent=15647"}],"curies":[{"name":"wp","href":"https:\/\/api.w.org\/{rel}","templated":true}]}}